{"id":189,"date":"2020-05-15T11:04:02","date_gmt":"2020-05-15T11:04:02","guid":{"rendered":"https:\/\/potsalotsa.com\/?page_id=189"},"modified":"2022-03-02T21:59:00","modified_gmt":"2022-03-02T21:59:00","slug":"cd","status":"publish","type":"page","link":"https:\/\/potsalotsa.com\/en\/cd\/","title":{"rendered":"CD"},"content":{"rendered":"<div class=\"cdlist news\"><ul><li><div class=\"cd-cover\"><a href=\"https:\/\/potsalotsa.com\/wp-content\/uploads\/2025\/05\/PotsaLotsaXL_AmoebasDance_1500x1500px.jpg\"><img loading=\"lazy\" decoding=\"async\" width=\"300\" height=\"300\" src=\"https:\/\/potsalotsa.com\/wp-content\/uploads\/2025\/05\/PotsaLotsaXL_AmoebasDance_1500x1500px-300x300.jpg\" class=\"attachment-medium size-medium wp-post-image\" alt=\"\" srcset=\"https:\/\/potsalotsa.com\/wp-content\/uploads\/2025\/05\/PotsaLotsaXL_AmoebasDance_1500x1500px-300x300.jpg 300w, https:\/\/potsalotsa.com\/wp-content\/uploads\/2025\/05\/PotsaLotsaXL_AmoebasDance_1500x1500px-1024x1024.jpg 1024w, https:\/\/potsalotsa.com\/wp-content\/uploads\/2025\/05\/PotsaLotsaXL_AmoebasDance_1500x1500px-150x150.jpg 150w, https:\/\/potsalotsa.com\/wp-content\/uploads\/2025\/05\/PotsaLotsaXL_AmoebasDance_1500x1500px-768x768.jpg 768w, https:\/\/potsalotsa.com\/wp-content\/uploads\/2025\/05\/PotsaLotsaXL_AmoebasDance_1500x1500px-1536x1536.jpg 1536w, https:\/\/potsalotsa.com\/wp-content\/uploads\/2025\/05\/PotsaLotsaXL_AmoebasDance_1500x1500px-2048x2048.jpg 2048w\" sizes=\"auto, (max-width: 300px) 100vw, 300px\" \/><\/a><\/div><h3>Potsa Lotsa XL<\/h3><em>Amoeba\u00b4s Dance<\/em>\r\nSilke Eberhard (as, fl), Ju\u0308rgen Kupke (cl, perc), Patrick Braun (ts), Nikolaus Neuser (tp, perc), Gerhard Gschlo\u0308\u00dfl (tb), Johannes Fink (cello), Taiko Saito (vib &amp; percussion), Antonis Anissegos (p), Igor Spallati (b), Kay Lu\u0308bke (dr) <a href=\"http:\/\/www.troubleintheeast-records.com\">Trouble in the East Records<\/a> Vinyl, CD and digital \u2013 street release May 30, 2025<\/li><li><div class=\"cd-cover\"><a href=\"https:\/\/potsalotsa.com\/wp-content\/uploads\/2023\/11\/PotsaLotsaXL_ChamberWorks_Cover_front_web.jpg\"><img loading=\"lazy\" decoding=\"async\" width=\"300\" height=\"272\" src=\"https:\/\/potsalotsa.com\/wp-content\/uploads\/2023\/11\/PotsaLotsaXL_ChamberWorks_Cover_front_web-300x272.jpg\" class=\"attachment-medium size-medium wp-post-image\" alt=\"\" srcset=\"https:\/\/potsalotsa.com\/wp-content\/uploads\/2023\/11\/PotsaLotsaXL_ChamberWorks_Cover_front_web-300x272.jpg 300w, https:\/\/potsalotsa.com\/wp-content\/uploads\/2023\/11\/PotsaLotsaXL_ChamberWorks_Cover_front_web-1024x928.jpg 1024w, https:\/\/potsalotsa.com\/wp-content\/uploads\/2023\/11\/PotsaLotsaXL_ChamberWorks_Cover_front_web-768x696.jpg 768w, https:\/\/potsalotsa.com\/wp-content\/uploads\/2023\/11\/PotsaLotsaXL_ChamberWorks_Cover_front_web-1536x1392.jpg 1536w, https:\/\/potsalotsa.com\/wp-content\/uploads\/2023\/11\/PotsaLotsaXL_ChamberWorks_Cover_front_web.jpg 2000w\" sizes=\"auto, (max-width: 300px) 100vw, 300px\" \/><\/a><\/div><h3>Potsa Lotsa XL<\/h3><em>Chamber Works<\/em>\r\nSilke Eberhard (as), Ju\u0308rgen Kupke (cl), Patrick Braun (ts), Nikolaus Neuser (tp), Gerhard Gschlo\u0308\u00dfl (tb), Johannes Fink (cello), Taiko Saito (vib &amp; marimba), Antonis Anissegos (p), Igor Spallati (b), Kay Lu\u0308bke (dr)\r\n<a href=\"http:\/\/www.troubleintheeast-records.com\">Trouble in the East Records<\/a>\r\n\r\nCD &#8211; street release December 15, 2023<\/li><li><div class=\"cd-cover\"><a href=\"https:\/\/potsalotsa.com\/wp-content\/uploads\/2022\/02\/12-inch_gaya_TITE_026_vorn_web_2000x2000px.jpg\"><img loading=\"lazy\" decoding=\"async\" width=\"300\" height=\"300\" src=\"https:\/\/potsalotsa.com\/wp-content\/uploads\/2022\/02\/12-inch_gaya_TITE_026_vorn_web_2000x2000px-300x300.jpg\" class=\"attachment-medium size-medium wp-post-image\" alt=\"\" srcset=\"https:\/\/potsalotsa.com\/wp-content\/uploads\/2022\/02\/12-inch_gaya_TITE_026_vorn_web_2000x2000px-300x300.jpg 300w, https:\/\/potsalotsa.com\/wp-content\/uploads\/2022\/02\/12-inch_gaya_TITE_026_vorn_web_2000x2000px-1024x1024.jpg 1024w, https:\/\/potsalotsa.com\/wp-content\/uploads\/2022\/02\/12-inch_gaya_TITE_026_vorn_web_2000x2000px-150x150.jpg 150w, https:\/\/potsalotsa.com\/wp-content\/uploads\/2022\/02\/12-inch_gaya_TITE_026_vorn_web_2000x2000px-768x768.jpg 768w, https:\/\/potsalotsa.com\/wp-content\/uploads\/2022\/02\/12-inch_gaya_TITE_026_vorn_web_2000x2000px-1536x1536.jpg 1536w, https:\/\/potsalotsa.com\/wp-content\/uploads\/2022\/02\/12-inch_gaya_TITE_026_vorn_web_2000x2000px.jpg 2000w\" sizes=\"auto, (max-width: 300px) 100vw, 300px\" \/><\/a><\/div><h3>Potsa Lotsa XL &#038; Youjin Sung (LP)<\/h3><em>Gaya\r\n<\/em>Silke Eberhard (as), J\u00fcrgen Kupke (cl), Patrick Braun (ts), Nikolaus Neuser (tp), Gerhard Gschl\u00f6\u00dfl (tb), Johannes Fink (cello), Taiko Saito (vib), Antonis Anissegos (p), Igor Spallati (b), Kay L\u00fcbke (dr) &amp; Youjin Sung (gayageum)\r\n<a href=\"http:\/\/www.troubleintheeast-records.de\">Trouble in the East Records<\/a>,\r\n\r\nLP &#8211; \u00a02022\r\n\r\nwikipedia: <a href=\"https:\/\/de.wikipedia.org\/wiki\/Gaya_(Album)\" target=\"_blank\" rel=\"noopener\">https:\/\/de.wikipedia.org\/wiki\/Gaya_(Album)<\/a><\/li><li><div class=\"cd-cover\"><a href=\"https:\/\/potsalotsa.com\/wp-content\/uploads\/2020\/05\/Potsa-Lotsa-XL.jpg\"><img loading=\"lazy\" decoding=\"async\" width=\"300\" height=\"297\" src=\"https:\/\/potsalotsa.com\/wp-content\/uploads\/2020\/05\/Potsa-Lotsa-XL-300x297.jpg\" class=\"attachment-medium size-medium wp-post-image\" alt=\"Potsa Lotsa XL Silk Songs for Space Dogs\" srcset=\"https:\/\/potsalotsa.com\/wp-content\/uploads\/2020\/05\/Potsa-Lotsa-XL-300x297.jpg 300w, https:\/\/potsalotsa.com\/wp-content\/uploads\/2020\/05\/Potsa-Lotsa-XL-1024x1015.jpg 1024w, https:\/\/potsalotsa.com\/wp-content\/uploads\/2020\/05\/Potsa-Lotsa-XL-150x150.jpg 150w, https:\/\/potsalotsa.com\/wp-content\/uploads\/2020\/05\/Potsa-Lotsa-XL-768x762.jpg 768w, https:\/\/potsalotsa.com\/wp-content\/uploads\/2020\/05\/Potsa-Lotsa-XL.jpg 1430w\" sizes=\"auto, (max-width: 300px) 100vw, 300px\" \/><\/a><\/div><h3>Potsa Lotsa XL<\/h3><em>Silk Songs for Space Dogs\r\n<\/em>Silke Eberhard (as), Ju\u0308rgen Kupke (cl), Patrick Braun (ts), Nikolaus Neuser (tp), Gerhard Gschlo\u0308\u00dfl (tb), Johannes Fink (cello), Taiko Saito (vib), Antonis Anissegos (p), Igor Spallati (b), Kay Lu\u0308bke (dr)\r\n<a href=\"http:\/\/leorecordsmusic.com\/downloads\/cdlr878\/\" rel=\"noopener noreferrer\" target=\"_blank\">Leo Records<\/a> 2020<\/li><li><div class=\"cd-cover\"><a href=\"https:\/\/potsalotsa.com\/wp-content\/uploads\/2020\/05\/Potsa-Lotsa-Plus.jpeg\"><img loading=\"lazy\" decoding=\"async\" width=\"300\" height=\"300\" src=\"https:\/\/potsalotsa.com\/wp-content\/uploads\/2020\/05\/Potsa-Lotsa-Plus-300x300.jpeg\" class=\"attachment-medium size-medium wp-post-image\" alt=\"Potsa Lotsa PLUS plays Love Suite by Eric Dolphy\" srcset=\"https:\/\/potsalotsa.com\/wp-content\/uploads\/2020\/05\/Potsa-Lotsa-Plus-300x300.jpeg 300w, https:\/\/potsalotsa.com\/wp-content\/uploads\/2020\/05\/Potsa-Lotsa-Plus-150x150.jpeg 150w, https:\/\/potsalotsa.com\/wp-content\/uploads\/2020\/05\/Potsa-Lotsa-Plus.jpeg 612w\" sizes=\"auto, (max-width: 300px) 100vw, 300px\" \/><\/a><\/div><h3>Potsa Lotsa PLUS<\/h3><p>plays <em>Love Suite<\/em> by Eric Dolphy<br \/>\r\nSilke Eberhard (as, bcl), Ju\u0308rgen Kupke (cl), Patrick Braun (ts), Nikolaus Neuser (tp), Gerhard Gschlo\u0308\u00dfl (tb), Marc Unterna\u0308hrer (tuba), Antonis Anissegos (electronics)<br \/><a href=\"https:\/\/www.jazzwerkstatt.eu\" rel=\"noopener\" target=\"_blank\">Jazzwerkstatt<\/a>, 2014 <\/p>\r\n<p><img loading=\"lazy\" decoding=\"async\" class=\"alignleft wp-image-264 valign\" src=\"https:\/\/potsalotsa.com\/wp-content\/uploads\/2020\/05\/bestenliste_bei-Potsa-Lotsa-Plus.png\" alt=\"Jazzwerkstatt 2014 PREIS DER DEUTSCHEN SCHALLPLATTENKRITIK 1\/2019\" width=\"80\" height=\"80\" \/> PREIS DER DEUTSCHEN SCHALLPLATTENKRITIK 1\/2019<\/p><\/li><li><div class=\"cd-cover\"><a href=\"https:\/\/potsalotsa.com\/wp-content\/uploads\/2020\/05\/Potsa-Lotsa.jpg\"><img loading=\"lazy\" decoding=\"async\" width=\"300\" height=\"297\" src=\"https:\/\/potsalotsa.com\/wp-content\/uploads\/2020\/05\/Potsa-Lotsa-300x297.jpg\" class=\"attachment-medium size-medium wp-post-image\" alt=\"Potsa Lotsa the complete works of Eric Dolphy\" srcset=\"https:\/\/potsalotsa.com\/wp-content\/uploads\/2020\/05\/Potsa-Lotsa-300x297.jpg 300w, https:\/\/potsalotsa.com\/wp-content\/uploads\/2020\/05\/Potsa-Lotsa-150x150.jpg 150w, https:\/\/potsalotsa.com\/wp-content\/uploads\/2020\/05\/Potsa-Lotsa.jpg 343w\" sizes=\"auto, (max-width: 300px) 100vw, 300px\" \/><\/a><\/div><h3>Potsa Lotsa<\/h3><em>the complete works of Eric Dolphy<\/em>\r\nSilke Eberhard (as), Patrick Braun (ts), Nikolaus Neuser (tp), Gerhard Gschlo\u0308\u00dfl (tb)\r\n<a href=\"http:\/\/www.jazzwerkstatt.eu\/\" rel=\"noopener\" target=\"_blank\">Jazzwerkstatt<\/a>, 2010\r\nAllabout Jazz \u201eBest Tribute Recordings\u201c 2010<\/li><\/ul><\/div>\n\n\n\n<blockquote class=\"wp-block-quote is-layout-flow wp-block-quote-is-layout-flow\"><p>You can get the albums directly from the record-labels, your local record store, or directly from our <strong><a href=\"https:\/\/silkeeberhard.com\/product-category\/potsa-lotsa\/\">WEBSHOP<\/a>.<\/strong><\/p><\/blockquote>\n\n\n\n<p><\/p>\n","protected":false},"excerpt":{"rendered":"<p>You can get the albums directly from the record-labels, your local record store, or directly from our WEBSHOP.<\/p>\n","protected":false},"author":2,"featured_media":0,"parent":0,"menu_order":0,"comment_status":"closed","ping_status":"closed","template":"","meta":{"footnotes":""},"class_list":["post-189","page","type-page","status-publish","hentry"],"translation":{"provider":"WPGlobus","version":"3.0.0","language":"en","enabled_languages":["de","en"],"languages":{"de":{"title":true,"content":true,"excerpt":false},"en":{"title":true,"content":true,"excerpt":false}}},"yoast_head":"<!-- This site is optimized with the Yoast SEO plugin v26.6 - https:\/\/yoast.com\/wordpress\/plugins\/seo\/ -->\n<title>CD - POTSA LOTSA<\/title>\n<meta name=\"robots\" content=\"index, follow, max-snippet:-1, max-image-preview:large, max-video-preview:-1\" \/>\n<link rel=\"canonical\" href=\"https:\/\/potsalotsa.com\/cd\/\" \/>\n<meta property=\"og:locale\" content=\"en_US\" \/>\n<meta property=\"og:type\" content=\"article\" \/>\n<meta property=\"og:title\" content=\"CD - POTSA LOTSA\" \/>\n<meta property=\"og:url\" content=\"https:\/\/potsalotsa.com\/cd\/\" \/>\n<meta property=\"og:site_name\" content=\"POTSA LOTSA\" \/>\n<meta property=\"article:publisher\" content=\"https:\/\/www.facebook.com\/potsalotsa\/\" \/>\n<meta property=\"article:modified_time\" content=\"2022-03-02T21:59:00+00:00\" \/>\n<meta property=\"og:image\" content=\"https:\/\/potsalotsa.com\/wp-content\/uploads\/2020\/05\/XL5-scaled.jpg\" \/>\n\t<meta property=\"og:image:width\" content=\"2560\" \/>\n\t<meta property=\"og:image:height\" content=\"1707\" \/>\n\t<meta property=\"og:image:type\" content=\"image\/jpeg\" \/>\n<meta name=\"twitter:card\" content=\"summary_large_image\" \/>\n<script type=\"application\/ld+json\" class=\"yoast-schema-graph\">{\"@context\":\"https:\/\/schema.org\",\"@graph\":[{\"@type\":\"WebPage\",\"@id\":\"https:\/\/potsalotsa.com\/cd\/\",\"url\":\"https:\/\/potsalotsa.com\/cd\/\",\"name\":\"CD - POTSA LOTSA\",\"isPartOf\":{\"@id\":\"https:\/\/potsalotsa.com\/#website\"},\"datePublished\":\"2020-05-15T11:04:02+00:00\",\"dateModified\":\"2022-03-02T21:59:00+00:00\",\"description\":\"POTSA LOTSA CD releases\",\"breadcrumb\":{\"@id\":\"https:\/\/potsalotsa.com\/cd\/#breadcrumb\"},\"inLanguage\":\"en-US\",\"potentialAction\":[{\"@type\":\"ReadAction\",\"target\":[\"https:\/\/potsalotsa.com\/cd\/\"]}]},{\"@type\":\"BreadcrumbList\",\"@id\":\"https:\/\/potsalotsa.com\/cd\/#breadcrumb\",\"itemListElement\":[{\"@type\":\"ListItem\",\"position\":1,\"name\":\"Startseite\",\"item\":\"https:\/\/potsalotsa.com\/\"},{\"@type\":\"ListItem\",\"position\":2,\"name\":\"CD\"}]},{\"@type\":\"WebSite\",\"@id\":\"https:\/\/potsalotsa.com\/#website\",\"url\":\"https:\/\/potsalotsa.com\/\",\"name\":\"POTSA LOTSA\",\"description\":\"\",\"publisher\":{\"@id\":\"https:\/\/potsalotsa.com\/#\/schema\/person\/b235f131ad88d734a9fce66e29ca17ac\"},\"potentialAction\":[{\"@type\":\"SearchAction\",\"target\":{\"@type\":\"EntryPoint\",\"urlTemplate\":\"https:\/\/potsalotsa.com\/?s={search_term_string}\"},\"query-input\":{\"@type\":\"PropertyValueSpecification\",\"valueRequired\":true,\"valueName\":\"search_term_string\"}}],\"inLanguage\":\"en-US\"},{\"@type\":[\"Person\",\"Organization\"],\"@id\":\"https:\/\/potsalotsa.com\/#\/schema\/person\/b235f131ad88d734a9fce66e29ca17ac\",\"name\":\"superadmin\",\"image\":{\"@type\":\"ImageObject\",\"inLanguage\":\"en-US\",\"@id\":\"https:\/\/potsalotsa.com\/#\/schema\/person\/image\/\",\"url\":\"https:\/\/potsalotsa.com\/wp-content\/uploads\/2025\/12\/potsalotsa.jpg\",\"contentUrl\":\"https:\/\/potsalotsa.com\/wp-content\/uploads\/2025\/12\/potsalotsa.jpg\",\"width\":150,\"height\":150,\"caption\":\"superadmin\"},\"logo\":{\"@id\":\"https:\/\/potsalotsa.com\/#\/schema\/person\/image\/\"},\"sameAs\":[\"https:\/\/potsalotsa.com\",\"https:\/\/www.facebook.com\/potsalotsa\/\",\"http:\/\/www.instagram.com\/potsalotsa\/\",\"https:\/\/soundcloud.com\/potsalotsaxl\"]}]}<\/script>\n<!-- \/ Yoast SEO plugin. -->","yoast_head_json":{"title":"CD - POTSA LOTSA","robots":{"index":"index","follow":"follow","max-snippet":"max-snippet:-1","max-image-preview":"max-image-preview:large","max-video-preview":"max-video-preview:-1"},"canonical":"https:\/\/potsalotsa.com\/cd\/","og_locale":"en_US","og_type":"article","og_title":"CD - POTSA LOTSA","og_url":"https:\/\/potsalotsa.com\/cd\/","og_site_name":"POTSA LOTSA","article_publisher":"https:\/\/www.facebook.com\/potsalotsa\/","article_modified_time":"2022-03-02T21:59:00+00:00","og_image":[{"width":2560,"height":1707,"url":"https:\/\/potsalotsa.com\/wp-content\/uploads\/2020\/05\/XL5-scaled.jpg","type":"image\/jpeg"}],"twitter_card":"summary_large_image","schema":{"@context":"https:\/\/schema.org","@graph":[{"@type":"WebPage","@id":"https:\/\/potsalotsa.com\/cd\/","url":"https:\/\/potsalotsa.com\/cd\/","name":"CD - POTSA LOTSA","isPartOf":{"@id":"https:\/\/potsalotsa.com\/#website"},"datePublished":"2020-05-15T11:04:02+00:00","dateModified":"2022-03-02T21:59:00+00:00","description":"POTSA LOTSA CD releases","breadcrumb":{"@id":"https:\/\/potsalotsa.com\/cd\/#breadcrumb"},"inLanguage":"en-US","potentialAction":[{"@type":"ReadAction","target":["https:\/\/potsalotsa.com\/cd\/"]}]},{"@type":"BreadcrumbList","@id":"https:\/\/potsalotsa.com\/cd\/#breadcrumb","itemListElement":[{"@type":"ListItem","position":1,"name":"Startseite","item":"https:\/\/potsalotsa.com\/"},{"@type":"ListItem","position":2,"name":"CD"}]},{"@type":"WebSite","@id":"https:\/\/potsalotsa.com\/#website","url":"https:\/\/potsalotsa.com\/","name":"POTSA LOTSA","description":"","publisher":{"@id":"https:\/\/potsalotsa.com\/#\/schema\/person\/b235f131ad88d734a9fce66e29ca17ac"},"potentialAction":[{"@type":"SearchAction","target":{"@type":"EntryPoint","urlTemplate":"https:\/\/potsalotsa.com\/?s={search_term_string}"},"query-input":{"@type":"PropertyValueSpecification","valueRequired":true,"valueName":"search_term_string"}}],"inLanguage":"en-US"},{"@type":["Person","Organization"],"@id":"https:\/\/potsalotsa.com\/#\/schema\/person\/b235f131ad88d734a9fce66e29ca17ac","name":"superadmin","image":{"@type":"ImageObject","inLanguage":"en-US","@id":"https:\/\/potsalotsa.com\/#\/schema\/person\/image\/","url":"https:\/\/potsalotsa.com\/wp-content\/uploads\/2025\/12\/potsalotsa.jpg","contentUrl":"https:\/\/potsalotsa.com\/wp-content\/uploads\/2025\/12\/potsalotsa.jpg","width":150,"height":150,"caption":"superadmin"},"logo":{"@id":"https:\/\/potsalotsa.com\/#\/schema\/person\/image\/"},"sameAs":["https:\/\/potsalotsa.com","https:\/\/www.facebook.com\/potsalotsa\/","http:\/\/www.instagram.com\/potsalotsa\/","https:\/\/soundcloud.com\/potsalotsaxl"]}]}},"_links":{"self":[{"href":"https:\/\/potsalotsa.com\/en\/wp-json\/wp\/v2\/pages\/189","targetHints":{"allow":["GET"]}}],"collection":[{"href":"https:\/\/potsalotsa.com\/en\/wp-json\/wp\/v2\/pages"}],"about":[{"href":"https:\/\/potsalotsa.com\/en\/wp-json\/wp\/v2\/types\/page"}],"author":[{"embeddable":true,"href":"https:\/\/potsalotsa.com\/en\/wp-json\/wp\/v2\/users\/2"}],"replies":[{"embeddable":true,"href":"https:\/\/potsalotsa.com\/en\/wp-json\/wp\/v2\/comments?post=189"}],"version-history":[{"count":8,"href":"https:\/\/potsalotsa.com\/en\/wp-json\/wp\/v2\/pages\/189\/revisions"}],"predecessor-version":[{"id":550,"href":"https:\/\/potsalotsa.com\/en\/wp-json\/wp\/v2\/pages\/189\/revisions\/550"}],"wp:attachment":[{"href":"https:\/\/potsalotsa.com\/en\/wp-json\/wp\/v2\/media?parent=189"}],"curies":[{"name":"wp","href":"https:\/\/api.w.org\/{rel}","templated":true}]}}